{"id":8,"date":"2016-11-21T18:19:31","date_gmt":"2016-11-21T18:19:31","guid":{"rendered":"http:\/\/themes.webdevia.com\/voip-wordpress-theme\/?page_id=4"},"modified":"2022-03-30T12:48:58","modified_gmt":"2022-03-30T10:48:58","slug":"home","status":"publish","type":"page","link":"https:\/\/klipevo.fr\/index.php\/home\/","title":{"rendered":"Home"},"content":{"rendered":"<p>[vc_row][vc_column][rev_slider_vc alias=&#8221;home_slider&#8221;][\/vc_column][\/vc_row][vc_row equal_height=&#8221;yes&#8221;][vc_column width=&#8221;5\/12&#8243;]\r\n\r\n<div class=\"wd_empty_space\" data-heightmobile=\"40\" data-heighttablet=\"80\" data-heightdesktop=\"100\">\r\n\r\n<\/div>\r\n      \r\n\r\n\r\n\r\n        \r\n      \r\n    \t\t<div class=\"wd-heading text-left  \" >\r\n\t\t\t\r\n\t\t\t\t\r\n\t\t\t\t<h2 style=\"margin:0;font-family:;font-weight:400;\" >\r\n\t\t\t\t\tOur call, anytime, anywhere!\t\t\t\t<\/h2>\r\n\r\n\t\t\t\t\t\t\t\t\t\t\t\t<h4 style=\"font-family:;font-weight:400;\" >\r\n\t\t\t\t\tLorem ipsum dolor sit amet\t\t\t\t<\/h4>\r\n\t\t\t\t\t\t\t\t\t\t<hr style='border-bottom-color: #db4436; margin: 10px 0;'\/>\r\n\t\t\t\t\t<\/div>\r\n\r\n\t\t[vc_column_text]I am text block. Click edit button to change this text. Lorem ipsum dolor sit amet, consectetur adipiscing elit. Ut elit tellus, luctus nec ullamcorper mattis, pulvinar dapibus leo.[\/vc_column_text][vc_row_inner][vc_column_inner width=&#8221;2\/12&#8243;][vc_single_image image=&#8221;2224&#8243; img_size=&#8221;100X100&#8243;][\/vc_column_inner][vc_column_inner width=&#8221;10\/12&#8243; css=&#8221;.vc_custom_1480167363012{padding-top: 5px !important;}&#8221;][vc_single_image image=&#8221;2223&#8243; img_size=&#8221;full&#8221;][\/vc_column_inner][\/vc_row_inner][\/vc_column][vc_column width=&#8221;1\/12&#8243;][\/vc_column][vc_column width=&#8221;6\/12&#8243;][vc_single_image image=&#8221;15&#8243; img_size=&#8221;full&#8221;][\/vc_column][\/vc_row][vc_row full_width=&#8221;stretch_row&#8221; equal_height=&#8221;yes&#8221; css=&#8221;.vc_custom_1480717870339{margin-top: 30px !important;margin-bottom: 30px !important;background-image: url(http:\/\/webtelecom.fr\/wp-content\/uploads\/2016\/11\/calling-phone-1.jpg?id=2158) !important;background-position: center !important;background-repeat: no-repeat !important;background-size: cover !important;}&#8221;][vc_column width=&#8221;1\/2&#8243;]\r\n\r\n<div class=\"wd_empty_space\" data-heightmobile=\"40\" data-heighttablet=\"80\" data-heightdesktop=\"100\">\r\n\r\n<\/div>\r\n      \r\n\r\n\r\n\r\n        \r\n      \r\n    \t\t<div class=\"wd-heading text-left  \" >\r\n\t\t\t\r\n\t\t\t\t\r\n\t\t\t\t<h2 style=\"margin:0;font-family:;font-weight:400;\" >\r\n\t\t\t\t\tYou\u2019ve got questions, we\u2019ve got answers.\t\t\t\t<\/h2>\r\n\r\n\t\t\t\t\t\t\t\t\t\t\t\t<hr style='border-bottom-color: #db4436; margin: 10px 0;'\/>\r\n\t\t\t\t\t<\/div>\r\n\r\n\t\t[vc_tta_accordion active_section=&#8221;1&#8243; collapsible_all=&#8221;true&#8221;][vc_tta_section title=&#8221;Section 1&#8243; tab_id=&#8221;1479831428840-7c04508c-806a&#8221;][vc_column_text]I am text block. Click edit button to change this text. Lorem ipsum dolor sit amet, consectetur adipiscing elit. Ut elit tellus, luctus nec ullamcorper mattis, pulvinar dapibus leo.[\/vc_column_text][\/vc_tta_section][vc_tta_section title=&#8221;Section 2&#8243; tab_id=&#8221;1479831429027-9f0e8db1-bf0a&#8221;][vc_column_text]<\/p>\n<p>I am text block. Click edit button to change this text. Lorem ipsum dolor sit amet, consectetur adipiscing elit. Ut elit tellus, luctus nec ullamcorper mattis, pulvinar dapibus leo.<\/p>\n<p>[\/vc_column_text][\/vc_tta_section][vc_tta_section title=&#8221;Section 2&#8243; tab_id=&#8221;1479831459826-8bb3d0ae-9546&#8243;][vc_column_text]<\/p>\n<p>I am text block. Click edit button to change this text. Lorem ipsum dolor sit amet, consectetur adipiscing elit. Ut elit tellus, luctus nec ullamcorper mattis, pulvinar dapibus leo.<\/p>\n<p>[\/vc_column_text][\/vc_tta_section][\/vc_tta_accordion]\r\n\r\n<div class=\"wd_empty_space\" data-heightmobile=\"40\" data-heighttablet=\"80\" data-heightdesktop=\"100\">\r\n\r\n<\/div>\r\n      \r\n\r\n\r\n\r\n        \r\n      \r\n    [\/vc_column][vc_column width=&#8221;1\/2&#8243; css=&#8221;.vc_custom_1480457236811{background-position: center !important;background-repeat: no-repeat !important;background-size: cover !important;}&#8221;]\r\n\r\n<div class=\"wd_empty_space\" data-heightmobile=\"300\" data-heighttablet=\"590\" data-heightdesktop=\"594\">\r\n\r\n<\/div>\r\n      \r\n\r\n\r\n\r\n        \r\n      \r\n    [\/vc_column][\/vc_row][vc_row][vc_column width=&#8221;1\/3&#8243;]\r\n\r\n<div class=\"wd_empty_space\" data-heightmobile=\"40\" data-heighttablet=\"80\" data-heightdesktop=\"100\">\r\n\r\n<\/div>\r\n      \r\n\r\n\r\n\r\n        \r\n      \r\n        \r\n    <div class=\"boxes small layout-6 clearfix \">\r\n      <div class=\"box-container clearfix \" >\r\n                            <div class=\"box-icon\">\r\n                      <i class=\"fa fa fa-line-chart\"><\/i>\r\n\r\n                    <\/div>\r\n                                    <div class=\"box-text-6\">\r\n                  <h3 class=\"box-title-6\">VoIP for Business<\/h3>\r\n                <p class=\"box-body\">Fusce non hendrerit ante. Curabitur in libero neque. Nulla at vestibulum massa. Fusce feugiat tellus fermen tum.<\/p>\r\n                  <\/div>\r\n              <\/div>    \r\n    <\/div>      \r\n      \r\n        \r\n    <div class=\"boxes small layout-6 clearfix \">\r\n      <div class=\"box-container clearfix \" >\r\n                            <div class=\"box-icon\">\r\n                      <i class=\"fa fa fa-headphones\"><\/i>\r\n\r\n                    <\/div>\r\n                                    <div class=\"box-text-6\">\r\n                  <h3 class=\"box-title-6\">Hosted PBX<\/h3>\r\n                <p class=\"box-body\">Fusce non hendrerit ante. Curabitur in libero neque. Nulla at vestibulum massa. Fusce feugiat tellus fermen tum.<\/p>\r\n                  <\/div>\r\n              <\/div>    \r\n    <\/div>      \r\n      \r\n    [\/vc_column][vc_column width=&#8221;1\/3&#8243;]\r\n\r\n<div class=\"wd_empty_space\" data-heightmobile=\"40\" data-heighttablet=\"80\" data-heightdesktop=\"100\">\r\n\r\n<\/div>\r\n      \r\n\r\n\r\n\r\n        \r\n      \r\n        \r\n    <div class=\"boxes small layout-6 clearfix \">\r\n      <div class=\"box-container clearfix \" >\r\n                            <div class=\"box-icon\">\r\n                      <i class=\"fa fa fa-volume-control-phone\"><\/i>\r\n\r\n                    <\/div>\r\n                                    <div class=\"box-text-6\">\r\n                  <h3 class=\"box-title-6\">Call Center Software<\/h3>\r\n                <p class=\"box-body\">Fusce non hendrerit ante. Curabitur in libero neque. Nulla at vestibulum massa. Fusce feugiat tellus fermen tum.<\/p>\r\n                  <\/div>\r\n              <\/div>    \r\n    <\/div>      \r\n      \r\n        \r\n    <div class=\"boxes small layout-6 clearfix \">\r\n      <div class=\"box-container clearfix \" >\r\n                            <div class=\"box-icon\">\r\n                      <i class=\"fa fa fa-phone\"><\/i>\r\n\r\n                    <\/div>\r\n                                    <div class=\"box-text-6\">\r\n                  <h3 class=\"box-title-6\">VoIP for Home<\/h3>\r\n                <p class=\"box-body\">Fusce non hendrerit ante. Curabitur in libero neque. Nulla at vestibulum massa. Fusce feugiat tellus fermen tum.<\/p>\r\n                  <\/div>\r\n              <\/div>    \r\n    <\/div>      \r\n      \r\n    \r\n\r\n<div class=\"wd_empty_space\" data-heightmobile=\"40\" data-heighttablet=\"80\" data-heightdesktop=\"80\">\r\n\r\n<\/div>\r\n      \r\n\r\n\r\n\r\n        \r\n      \r\n    [\/vc_column][vc_column width=&#8221;1\/3&#8243;]\r\n\r\n<div class=\"wd_empty_space\" data-heightmobile=\"40\" data-heighttablet=\"80\" data-heightdesktop=\"100\">\r\n\r\n<\/div>\r\n      \r\n\r\n\r\n\r\n        \r\n      \r\n        \r\n    <div class=\"boxes small layout-6 clearfix \">\r\n      <div class=\"box-container clearfix \" >\r\n                            <div class=\"box-icon\">\r\n                      <i class=\"fa fa fa-users\"><\/i>\r\n\r\n                    <\/div>\r\n                                    <div class=\"box-text-6\">\r\n                  <h3 class=\"box-title-6\">Team Collaboration Software<\/h3>\r\n                <p class=\"box-body\">Fusce non hendrerit ante. Curabitur in libero neque. Nulla at vestibulum massa. Fusce feugiat tellus fermen tum.<\/p>\r\n                  <\/div>\r\n              <\/div>    \r\n    <\/div>      \r\n      \r\n        \r\n    <div class=\"boxes small layout-6 clearfix \">\r\n      <div class=\"box-container clearfix \" >\r\n                            <div class=\"box-icon\">\r\n                      <i class=\"fa fa fa-tty\"><\/i>\r\n\r\n                    <\/div>\r\n                                    <div class=\"box-text-6\">\r\n                  <h3 class=\"box-title-6\">Online Faxing<\/h3>\r\n                <p class=\"box-body\">Fusce non hendrerit ante. Curabitur in libero neque. Nulla at vestibulum massa. Fusce feugiat tellus fermen tum.<\/p>\r\n                  <\/div>\r\n              <\/div>    \r\n    <\/div>      \r\n      \r\n    [\/vc_column][\/vc_row][vc_row full_width=&#8221;stretch_row&#8221; css=&#8221;.vc_custom_1480458175447{background-color: #81d742 !important;}&#8221;][vc_column width=&#8221;7\/12&#8243;]\r\n\r\n<div class=\"wd_empty_space\" data-heightmobile=\"80\" data-heighttablet=\"100\" data-heightdesktop=\"120\">\r\n\r\n<\/div>\r\n      \r\n\r\n\r\n\r\n        \r\n      \r\n    [vc_single_image image=&#8221;2169&#8243; img_size=&#8221;full&#8221; alignment=&#8221;center&#8221;][\/vc_column][vc_column width=&#8221;1\/12&#8243;][\/vc_column][vc_column width=&#8221;4\/12&#8243;]\r\n\r\n<div class=\"wd_empty_space\" data-heightmobile=\"80\" data-heighttablet=\"100\" data-heightdesktop=\"120\">\r\n\r\n<\/div>\r\n      \r\n\r\n\r\n\r\n        \r\n      \r\n    \t\t<div class=\"wd-heading text-left  \" >\r\n\t\t\t\r\n\t\t\t\t\r\n\t\t\t\t<h2 style=\"margin:0;font-family:;font-weight:400;font-size:45px;color:#ffffff;\" >\r\n\t\t\t\t\tOur call, anytime, anywhere!\t\t\t\t<\/h2>\r\n\r\n\t\t\t\t\t\t\t\t\t\t\t\t<h4 style=\"font-family:;font-weight:400;color:#ffffff;\" >\r\n\t\t\t\t\tLorem ipsum dolor sit amet\t\t\t\t<\/h4>\r\n\t\t\t\t\t\t\t\t\t\t<hr style='border-bottom-color: #db4436; margin: 10px 0;'\/>\r\n\t\t\t\t\t<\/div>\r\n\r\n\t\t[\/vc_column][\/vc_row][vc_row][vc_column]\r\n\r\n<div class=\"wd_empty_space\" data-heightmobile=\"40\" data-heighttablet=\"80\" data-heightdesktop=\"100\">\r\n\r\n<\/div>\r\n      \r\n\r\n\r\n\r\n        \r\n      \r\n    \t\t<div class=\"wd-heading text-center  \" >\r\n\t\t\t\r\n\t\t\t\t\r\n\t\t\t\t<h2 style=\"margin:0;font-family:;font-weight:400;\" >\r\n\t\t\t\t\tFlexible pricing structure\t\t\t\t<\/h2>\r\n\r\n\t\t\t\t\t\t\t\t\t\t\t\t<h4 style=\"font-family:;font-weight:400;\" >\r\n\t\t\t\t\tLorem ipsum dolor sit amet\t\t\t\t<\/h4>\r\n\t\t\t\t\t\t\t\t\t\t<hr style='border-bottom-color: #db4436; margin: 10px 0;'\/>\r\n\t\t\t\t\t<\/div>\r\n\r\n\t\t\r\n\r\n<div class=\"wd_empty_space\" data-heightmobile=\"40\" data-heighttablet=\"40\" data-heightdesktop=\"50\">\r\n\r\n<\/div>\r\n      \r\n\r\n\r\n\r\n        \r\n      \r\n    [\/vc_column][\/vc_row][vc_row gap=&#8221;20&#8243; css=&#8221;.vc_custom_1480098122261{padding-bottom: 100px !important;}&#8221;][vc_column width=&#8221;1\/3&#8243; css=&#8221;.vc_custom_1480717975573{padding-right: 25px !important;padding-left: 20px !important;}&#8221;]  \r\n  \r\n  <div class=\"pricing-table \">\r\n  <div class=\"pricing-table-info\">\r\n  \t<div class=\"title\"><h2>Company Starter<\/h2><\/div>\r\n    <div class=\"price\"><h4>$7.95<\/h4><\/div>\r\n    <div class=\"description\"><p>per user\/per month<\/p><\/div>\r\n  <\/div>\r\n  <div class=\"content-description\"><\/p>\n<h4>Subscription breakdown<\/h4>\n<ul>\n<li>Australian phone number<\/li>\n<li>User license<\/li>\n<li>Device license<\/li>\n<li>Call plan subscription<\/li>\n<\/ul>\n<p><\/div>\r\n  <div class=\"pricing-table-button\">\r\n  \t<i class=\"fa fa-arrow-down\"><\/i>\r\n  \t<div class=\"cta-button\">\r\n  \t <a href=\"\" class=\"button\">Buy Now<\/a>\r\n  \t <\/div>\r\n  <\/div>\r\n  <\/div>\r\n[\/vc_column][vc_column width=&#8221;1\/3&#8243; css=&#8221;.vc_custom_1480717987139{padding-right: 25px !important;padding-left: 25px !important;}&#8221;]  \r\n  \r\n  <div class=\"pricing-table featured\">\r\n  <div class=\"pricing-table-info\">\r\n  \t<div class=\"title\"><h2>Smart Saver<\/h2><\/div>\r\n    <div class=\"price\"><h4>$19.95<\/h4><\/div>\r\n    <div class=\"description\"><p>per user\/per month<\/p><\/div>\r\n  <\/div>\r\n  <div class=\"content-description\"><\/p>\n<h4>Subscription breakdown<\/h4>\n<ul>\n<li>Australian phone number<\/li>\n<li>User license<\/li>\n<li>Device license<\/li>\n<li>Call plan subscription<\/li>\n<\/ul>\n<p><\/div>\r\n  <div class=\"pricing-table-button\">\r\n  \t<i class=\"fa fa-arrow-down\"><\/i>\r\n  \t<div class=\"cta-button\">\r\n  \t <a href=\"\" class=\"button\">Buy Now<\/a>\r\n  \t <\/div>\r\n  <\/div>\r\n  <\/div>\r\n[\/vc_column][vc_column width=&#8221;1\/3&#8243; css=&#8221;.vc_custom_1480718004575{padding-right: 25px !important;padding-left: 25px !important;}&#8221;]  \r\n  \r\n  <div class=\"pricing-table \">\r\n  <div class=\"pricing-table-info\">\r\n  \t<div class=\"title\"><h2>Unlimited Plus<\/h2><\/div>\r\n    <div class=\"price\"><h4>$44.95<\/h4><\/div>\r\n    <div class=\"description\"><p>per user\/per month<\/p><\/div>\r\n  <\/div>\r\n  <div class=\"content-description\"><\/p>\n<h4>Subscription breakdown<\/h4>\n<ul>\n<li>Australian phone number<\/li>\n<li>User license<\/li>\n<li>Device license<\/li>\n<li>Call plan subscription<\/li>\n<\/ul>\n<p><\/div>\r\n  <div class=\"pricing-table-button\">\r\n  \t<i class=\"fa fa-arrow-down\"><\/i>\r\n  \t<div class=\"cta-button\">\r\n  \t <a href=\"\" class=\"button\">Buy Now<\/a>\r\n  \t <\/div>\r\n  <\/div>\r\n  <\/div>\r\n[\/vc_column][\/vc_row][vc_row][vc_column]\t\t<div class=\"wd-heading text-center  \" >\r\n\t\t\t\r\n\t\t\t\t\r\n\t\t\t\t<h2 style=\"margin:0;font-family:;font-weight:400;\" >\r\n\t\t\t\t\tOur Recent News\t\t\t\t<\/h2>\r\n\r\n\t\t\t\t\t\t\t\t\t\t\t\t<h4 style=\"font-family:;font-weight:400;\" >\r\n\t\t\t\t\tLorem ipsum dolor sit amet\t\t\t\t<\/h4>\r\n\t\t\t\t\t\t\t\t\t\t<hr style='border-bottom-color: #db4436; margin: 10px 0;'\/>\r\n\t\t\t\t\t<\/div>\r\n\r\n\t\t\r\n\r\n<div class=\"wd_empty_space\" data-heightmobile=\"40\" data-heighttablet=\"40\" data-heightdesktop=\"50\">\r\n\r\n<\/div>\r\n      \r\n\r\n\r\n\r\n        \r\n      \r\n    \r\n    <ul class='simple-blog small-block-grid-1 large-block-grid-3'>\r\n      \r\n        <li>\r\n          <div class=\"wd-blog-post\">\r\n            <img loading=\"lazy\" decoding=\"async\" width=\"650\" height=\"350\" src=\"https:\/\/klipevo.fr\/wp-content\/uploads\/2016\/11\/post-2-650x350.jpg\" class=\"attachment-voip_650x350 size-voip_650x350 wp-post-image\" alt=\"\" \/>            <div class=\"wd-blog-post-detail\">\r\n              <div class=\"wd-blog-detail\">\r\n                <span>Nov, 22, 2019<\/span> -\r\n                <span>KLIPEVO<\/span> -\r\n                <span><a href=\"https:\/\/klipevo.fr\/index.php\/category\/non-classe\/\" rel=\"category tag\">Non class\u00e9<\/a><\/span>\r\n              <\/div>\r\n              <h3><a href=\"https:\/\/klipevo.fr\/index.php\/2019\/11\/22\/convergence\/\">Qu&#8217;est ce que la convergence ?<\/a><\/h3>\r\n              <p>\r\n                Ce mot ne vous dis pas grand chose et pourtant il nous attire. La convergence permet d'unifier votre ligne t\u00e9l\u00e9phonique fixe et mobile comme une\u2026              <\/p>\r\n              <a href=\"https:\/\/klipevo.fr\/index.php\/2019\/11\/22\/convergence\/\" class='tiny button'>Read More <\/a>\r\n            <\/div>\r\n          <\/div>\r\n        <\/li>\r\n\r\n      \r\n        <li>\r\n          <div class=\"wd-blog-post\">\r\n            <img loading=\"lazy\" decoding=\"async\" width=\"650\" height=\"350\" src=\"https:\/\/klipevo.fr\/wp-content\/uploads\/2016\/11\/post-1-650x350.jpg\" class=\"attachment-voip_650x350 size-voip_650x350 wp-post-image\" alt=\"\" \/>            <div class=\"wd-blog-post-detail\">\r\n              <div class=\"wd-blog-detail\">\r\n                <span>Oct, 17, 2019<\/span> -\r\n                <span>KLIPEVO<\/span> -\r\n                <span><a href=\"https:\/\/klipevo.fr\/index.php\/category\/non-classe\/\" rel=\"category tag\">Non class\u00e9<\/a><\/span>\r\n              <\/div>\r\n              <h3><a href=\"https:\/\/klipevo.fr\/index.php\/2019\/10\/17\/uc-ou-communication-unifie\/\">La Communication Unifi\u00e9<\/a><\/h3>\r\n              <p>\r\n                Derri\u00e8re la Communication Unifi\u00e9e nous retrouvons un ensemble de solution permettant de regrouper plusieurs m\u00e9thode de communication au sein m\u00eame d'une entreprise. Vos collaborateurs partagent\u2026              <\/p>\r\n              <a href=\"https:\/\/klipevo.fr\/index.php\/2019\/10\/17\/uc-ou-communication-unifie\/\" class='tiny button'>Read More <\/a>\r\n            <\/div>\r\n          <\/div>\r\n        <\/li>\r\n\r\n      \r\n        <li>\r\n          <div class=\"wd-blog-post\">\r\n            <img loading=\"lazy\" decoding=\"async\" width=\"650\" height=\"350\" src=\"https:\/\/klipevo.fr\/wp-content\/uploads\/2016\/11\/post-3-650x350.jpg\" class=\"attachment-voip_650x350 size-voip_650x350 wp-post-image\" alt=\"\" \/>            <div class=\"wd-blog-post-detail\">\r\n              <div class=\"wd-blog-detail\">\r\n                <span>Sep, 17, 2019<\/span> -\r\n                <span>KLIPEVO<\/span> -\r\n                <span><a href=\"https:\/\/klipevo.fr\/index.php\/category\/non-classe\/\" rel=\"category tag\">Non class\u00e9<\/a><\/span>\r\n              <\/div>\r\n              <h3><a href=\"https:\/\/klipevo.fr\/index.php\/2019\/09\/17\/voip\/\">Qu\u2019est ce que la Voix sur IP ou VOIP ?<\/a><\/h3>\r\n              <p>\r\n                La voix sur IP ou VOIP est le diminutif de Voice over Internet Protocol. Contrairement au flux traditionnel (appel\u00e9 RTC), la voix sur IP ou\u2026              <\/p>\r\n              <a href=\"https:\/\/klipevo.fr\/index.php\/2019\/09\/17\/voip\/\" class='tiny button'>Read More <\/a>\r\n            <\/div>\r\n          <\/div>\r\n        <\/li>\r\n\r\n          <\/ul>\r\n\r\n      \r\n\r\n<div class=\"wd_empty_space\" data-heightmobile=\"40\" data-heighttablet=\"40\" data-heightdesktop=\"50\">\r\n\r\n<\/div>\r\n      \r\n\r\n\r\n\r\n        \r\n      \r\n    [\/vc_column][\/vc_row][vc_row full_width=&#8221;stretch_row_content&#8221; equal_height=&#8221;yes&#8221; el_class=&#8221;contact_form&#8221;][vc_column width=&#8221;1\/2&#8243; el_class=&#8221;contact&#8221; css=&#8221;.vc_custom_1480089569123{background-image: url(http:\/\/webtelecom.fr\/wp-content\/uploads\/2016\/11\/upload.png?id=2042) !important;}&#8221;][vc_row_inner css=&#8221;.vc_custom_1480436617930{padding-top: 50px !important;}&#8221;][vc_column_inner width=&#8221;1\/3&#8243;][\/vc_column_inner][vc_column_inner width=&#8221;2\/3&#8243; css=&#8221;.vc_custom_1480436996534{padding-right: 50px !important;padding-left: 50px !important;}&#8221;]\t\t<div class=\"wd-heading text-left  \" >\r\n\t\t\t\r\n\t\t\t\t\t\t\t\t \t\t\t\t\t<h4 style=\"font-family:;font-weight:400;color:#ffffff;\" >\r\n\t\t\t\t\t\t\tGet in touch\t\t\t\t\t<\/h4>\r\n\t\t\t\t \t\t\t\t\r\n\t\t\t\t<h2 style=\"margin:0;font-family:;font-weight:400;color:#ffffff;\" >\r\n\t\t\t\t\t\tContact us\t\t\t\t<\/h2>\r\n\r\n\t\t\t\t\r\n\t\t\t\t\t<\/div>\r\n\r\n\t\t[vc_column_text]<span style=\"color: #ffffff;\">consectetur adipiscing elit. Ut elit tellus, luctus nec ullamcorper mattis, pulvinar dapibus leo<\/span>.[\/vc_column_text]<div role=\"form\" class=\"wpcf7\" id=\"wpcf7-f2001-o1\" lang=\"en-US\" dir=\"ltr\">\n<div class=\"screen-reader-response\"><p role=\"status\" aria-live=\"polite\" aria-atomic=\"true\"><\/p> <ul><\/ul><\/div>\n<form action=\"\/index.php\/wp-json\/wp\/v2\/pages\/8#wpcf7-f2001-o1\" method=\"post\" class=\"wpcf7-form init\" novalidate=\"novalidate\" data-status=\"init\">\n<div style=\"display: none;\">\n<input type=\"hidden\" name=\"_wpcf7\" value=\"2001\" \/>\n<input type=\"hidden\" name=\"_wpcf7_version\" value=\"5.5.6\" \/>\n<input type=\"hidden\" name=\"_wpcf7_locale\" value=\"en_US\" \/>\n<input type=\"hidden\" name=\"_wpcf7_unit_tag\" value=\"wpcf7-f2001-o1\" \/>\n<input type=\"hidden\" name=\"_wpcf7_container_post\" value=\"0\" \/>\n<input type=\"hidden\" name=\"_wpcf7_posted_data_hash\" value=\"\" \/>\n<input type=\"hidden\" name=\"_wpcf7_recaptcha_response\" value=\"\" \/>\n<\/div>\n<p><label><br \/>\n    <span class=\"wpcf7-form-control-wrap your-name\"><input type=\"text\" name=\"your-name\" value=\"\" size=\"40\" class=\"wpcf7-form-control wpcf7-text wpcf7-validates-as-required\" aria-required=\"true\" aria-invalid=\"false\" placeholder=\"Your Name\" \/><\/span> <\/label><\/p>\n<p><label><br \/>\n    <span class=\"wpcf7-form-control-wrap your-email\"><input type=\"email\" name=\"your-email\" value=\"\" size=\"40\" class=\"wpcf7-form-control wpcf7-text wpcf7-email wpcf7-validates-as-required wpcf7-validates-as-email\" aria-required=\"true\" aria-invalid=\"false\" placeholder=\"Your Email\" \/><\/span> <\/label><\/p>\n<p><label><br \/>\n    <span class=\"wpcf7-form-control-wrap your-subject\"><input type=\"text\" name=\"your-subject\" value=\"\" size=\"40\" class=\"wpcf7-form-control wpcf7-text\" aria-invalid=\"false\" placeholder=\"Subject\" \/><\/span> <\/label><\/p>\n<p><label><br \/>\n    <span class=\"wpcf7-form-control-wrap your-message\"><textarea name=\"your-message\" cols=\"40\" rows=\"10\" class=\"wpcf7-form-control wpcf7-textarea\" aria-invalid=\"false\" placeholder=\"Your Message\"><\/textarea><\/span> <\/label><\/p>\n<p><input type=\"submit\" value=\"Send\" class=\"wpcf7-form-control has-spinner wpcf7-submit\" \/><\/p>\n<div class=\"wpcf7-response-output\" aria-hidden=\"true\"><\/div><\/form><\/div>[\/vc_column_inner][\/vc_row_inner][\/vc_column][vc_column width=&#8221;1\/2&#8243; el_class=&#8221;maps&#8221;]   \r\n\r\n    <div class=\"map \" >\r\n      <div class=\"map-canvas\" data-id=\"map-canvas\" style=\"height: 663px;\" data-latitude=\"40.691255\"\r\n        data-longitude=\"-73.994516\" data-zoom=\"14\" data-companyname=\"Envato\"\r\n        data-decription=\"2 Elizabeth St, Melbourne Victoria 3000 Australia\" data-imagepath=\"\" data-wdmapstyle=\"wa_map_style2\">\r\n      <\/div>\r\n    <\/div>\r\n    \r\n\r\n    [\/vc_column][\/vc_row]<\/p>\n","protected":false},"excerpt":{"rendered":"<p>[vc_row][vc_column][rev_slider_vc alias=&#8221;home_slider&#8221;][\/vc_column][\/vc_row][vc_row equal_height=&#8221;yes&#8221;][vc_column width=&#8221;5\/12&#8243;][vc_column_text]I am text block. Click edit button to change this text. Lorem ipsum dolor sit amet, consectetur adipiscing elit. Ut elit tellus, luctus nec ullamcorper mattis, pulvinar dapibus leo.[\/vc_column_text][vc_row_inner][vc_column_inner width=&#8221;2\/12&#8243;][vc_single_image image=&#8221;2224&#8243; img_size=&#8221;100X100&#8243;][\/vc_column_inner][vc_column_inner width=&#8221;10\/12&#8243; css=&#8221;.vc_custom_1480167363012{padding-top: 5px !important;}&#8221;][vc_single_image image=&#8221;2223&#8243; img_size=&#8221;full&#8221;][\/vc_column_inner][\/vc_row_inner][\/vc_column][vc_column width=&#8221;1\/12&#8243;][\/vc_column][vc_column width=&#8221;6\/12&#8243;][vc_single_image image=&#8221;15&#8243; img_size=&#8221;full&#8221;][\/vc_column][\/vc_row][vc_row full_width=&#8221;stretch_row&#8221; equal_height=&#8221;yes&#8221; css=&#8221;.vc_custom_1480717870339{margin-top: 30px !important;margin-bottom: 30px !important;background-image: url(http:\/\/webtelecom.fr\/wp-content\/uploads\/2016\/11\/calling-phone-1.jpg?id=2158) !important;background-position: center [&hellip;]<\/p>\n","protected":false},"author":1,"featured_media":0,"parent":0,"menu_order":0,"comment_status":"closed","ping_status":"closed","template":"","meta":{"footnotes":""},"class_list":["post-8","page","type-page","status-publish","hentry"],"_links":{"self":[{"href":"https:\/\/klipevo.fr\/index.php\/wp-json\/wp\/v2\/pages\/8","targetHints":{"allow":["GET"]}}],"collection":[{"href":"https:\/\/klipevo.fr\/index.php\/wp-json\/wp\/v2\/pages"}],"about":[{"href":"https:\/\/klipevo.fr\/index.php\/wp-json\/wp\/v2\/types\/page"}],"author":[{"embeddable":true,"href":"https:\/\/klipevo.fr\/index.php\/wp-json\/wp\/v2\/users\/1"}],"replies":[{"embeddable":true,"href":"https:\/\/klipevo.fr\/index.php\/wp-json\/wp\/v2\/comments?post=8"}],"version-history":[{"count":2,"href":"https:\/\/klipevo.fr\/index.php\/wp-json\/wp\/v2\/pages\/8\/revisions"}],"predecessor-version":[{"id":3209,"href":"https:\/\/klipevo.fr\/index.php\/wp-json\/wp\/v2\/pages\/8\/revisions\/3209"}],"wp:attachment":[{"href":"https:\/\/klipevo.fr\/index.php\/wp-json\/wp\/v2\/media?parent=8"}],"curies":[{"name":"wp","href":"https:\/\/api.w.org\/{rel}","templated":true}]}}